{"id":18,"date":"2025-09-24T15:37:34","date_gmt":"2025-09-24T15:37:34","guid":{"rendered":"https:\/\/www.croinfi.com\/?page_id=18"},"modified":"2025-09-26T16:21:32","modified_gmt":"2025-09-26T16:21:32","slug":"quienes-somos-croinfi-ecuador","status":"publish","type":"page","link":"https:\/\/www.croinfi.com\/?page_id=18","title":{"rendered":"Qui\u00e9nes somos"},"content":{"rendered":"<div class=\"n2_clear\"><ss3-force-full-width data-overflow-x=\"body\" data-horizontal-selector=\"body\"><div class=\"n2-section-smartslider fitvidsignore  n2_clear\" data-ssid=\"3\"><div id=\"n2-ss-3-align\" class=\"n2-ss-align\"><div class=\"n2-padding\"><div id=\"n2-ss-3\" data-creator=\"Smart Slider 3\" data-responsive=\"fullwidth\" class=\"n2-ss-slider n2-ow n2-has-hover n2notransition  \">\n        <div class=\"n2-ss-slider-1 n2-ow\">\n            <div class=\"n2-ss-slider-2 n2-ow\">\n                <div class=\"n2-ss-slide-backgrounds n2-ow-all\"><div class=\"n2-ss-slide-background\" data-public-id=\"1\" data-mode=\"fill\"><div class=\"n2-ss-slide-background-image\" data-blur=\"0\" data-opacity=\"100\" data-x=\"50\" data-y=\"50\" data-alt=\"\" data-title=\"\"><picture class=\"skip-lazy\" data-skip-lazy=\"1\"><img decoding=\"async\" src=\"\/\/www.croinfi.com\/wp-content\/uploads\/2025\/09\/Quienes-somos-1.png\" alt=\"\" title=\"\" loading=\"lazy\" class=\"skip-lazy\" data-skip-lazy=\"1\"><\/picture><\/div><div data-color=\"RGBA(255,255,255,0)\" style=\"background-color: RGBA(255,255,255,0);\" class=\"n2-ss-slide-background-color\"><\/div><\/div><\/div>                <div class=\"n2-ss-slider-3 n2-ow\">\n                    <svg xmlns=\"http:\/\/www.w3.org\/2000\/svg\" viewBox=\"0 0 1200 600\" data-related-device=\"desktopPortrait\" class=\"n2-ow n2-ss-preserve-size n2-ss-preserve-size--slider n2-ss-slide-limiter\"><\/svg><div data-first=\"1\" data-slide-duration=\"0\" data-id=\"9\" data-slide-public-id=\"1\" data-title=\"Qui\u00e9nes somos\" class=\"n2-ss-slide n2-ow  n2-ss-slide-9\"><div role=\"note\" class=\"n2-ss-slide--focus\" tabindex=\"-1\">Qui\u00e9nes somos<\/div><div class=\"n2-ss-layers-container n2-ss-slide-limiter n2-ow\"><div class=\"n2-ss-layer n2-ow n-uc-v4bxd4Ku1sr4\" data-sstype=\"slide\" data-pm=\"default\"><div class=\"n2-ss-layer n2-ow n-uc-axKRfR2Rq9CW\" data-pm=\"default\" data-sstype=\"content\" data-hasbackground=\"0\"><div class=\"n2-ss-section-main-content n2-ss-layer-with-background n2-ss-layer-content n2-ow n-uc-axKRfR2Rq9CW-inner\"><div class=\"n2-ss-layer n2-ow n-uc-69lyCLVDhiCU\" data-pm=\"normal\" data-sstype=\"layer\"><div id=\"n2-ss-3item1\" class=\"n2-font-182c8b841c38e5fadb7a317f080f59f3-hover   n2-ss-item-content n2-ss-text n2-ow\" style=\"display:block;\">\u00bfQui\u00e9nes Somos?<\/div><\/div><\/div><\/div><\/div><\/div><\/div>                <\/div>\n                            <\/div>\n        <\/div>\n        <\/div><ss3-loader><\/ss3-loader><\/div><\/div><div class=\"n2_clear\"><\/div><\/div><\/ss3-force-full-width><\/div>\n\n<style>.wp-block-kadence-spacer.kt-block-spacer-18_9db29c-3f .kt-block-spacer{height:49px;}.wp-block-kadence-spacer.kt-block-spacer-18_9db29c-3f .kt-divider{border-top-width:1px;height:1px;border-top-color:#eee;width:80%;border-top-style:solid;}<\/style>\n<div class=\"wp-block-kadence-spacer aligncenter kt-block-spacer-18_9db29c-3f\"><div class=\"kt-block-spacer kt-block-spacer-halign-center\"><hr class=\"kt-divider\"\/><\/div><\/div>\n\n\n\n<div class=\"wp-block-columns is-layout-flex wp-container-core-columns-is-layout-9d6595d7 wp-block-columns-is-layout-flex\">\n<div class=\"wp-block-column is-layout-flow wp-block-column-is-layout-flow\">\n<h6 class=\"wp-block-heading\">+ 18 a\u00f1os de experiencia, con presencia nacional e internacional<\/h6>\n\n\n\n<h2 class=\"wp-block-heading\">Historia<\/h2>\n\n\n\n<p>En <strong>Croinfi C\u00eda. Ltda.<\/strong> somos una empresa ecuatoriana con m\u00e1s de <strong>18 a\u00f1os de experiencia en alimentos agroprocesados<\/strong>. Elaboramos <strong>salsas, aderezos, encurtidos y conservas<\/strong> bajo nuestras marcas <strong>Guisart\u00ae<\/strong> e <strong>Hottish\u00ae<\/strong>, adem\u00e1s de productos marca blanca para importantes cadenas como <strong>Supermaxi, Megamaxi y Aki<\/strong>.<\/p>\n\n\n\n<p>Nuestro origen est\u00e1 en el agro y la innovaci\u00f3n: transformamos materias primas locales en productos <strong>naturales, pr\u00e1cticos y de alta calidad<\/strong>, con certificaciones <strong>BPM<\/strong> y <strong>FDA<\/strong>, y en proceso de implementaci\u00f3n de <strong>HACCP<\/strong>.<\/p>\n\n\n\n<p>Hoy contamos con m\u00e1s de <strong>50 productos comerciales<\/strong>, presencia internacional en <strong>Panam\u00e1 y EE. UU.<\/strong>, y seguimos creciendo con el compromiso de llevar <strong>sabores ecuatorianos ingeniosamente deliciosos<\/strong> a m\u00e1s hogares y negocios en el mundo.<\/p>\n\n\n\n<p><strong>\ud83d\ude80 Nuestra esencia<\/strong><\/p>\n\n\n\n<ul class=\"wp-block-list\">\n<li>Innovaci\u00f3n constante en salsas y aderezos gourmet.<\/li>\n\n\n\n<li>Compromiso con la sostenibilidad y empleo local.<\/li>\n\n\n\n<li>Productos con identidad ecuatoriana y calidad certificada.<\/li>\n\n\n\n<li>Proyecci\u00f3n internacional con expansi\u00f3n hacia EE. UU.<\/li>\n<\/ul>\n<\/div>\n<\/div>\n\n\n\n<div style=\"height:53px\" aria-hidden=\"true\" class=\"wp-block-spacer\"><\/div>\n\n\n\n<div class=\"wp-block-columns is-layout-flex wp-container-core-columns-is-layout-9d6595d7 wp-block-columns-is-layout-flex\">\n<div class=\"wp-block-column is-layout-flow wp-block-column-is-layout-flow\" style=\"flex-basis:25%\"><\/div>\n\n\n\n<div class=\"wp-block-column is-layout-flow wp-block-column-is-layout-flow\" style=\"flex-basis:50%\">\n<figure class=\"wp-block-image size-large\"><img loading=\"lazy\" decoding=\"async\" width=\"669\" height=\"1024\" src=\"https:\/\/www.croinfi.com\/wp-content\/uploads\/2025\/09\/ruta-669x1024.png\" alt=\"\" class=\"wp-image-53\" srcset=\"https:\/\/www.croinfi.com\/wp-content\/uploads\/2025\/09\/ruta-669x1024.png 669w, https:\/\/www.croinfi.com\/wp-content\/uploads\/2025\/09\/ruta-196x300.png 196w, https:\/\/www.croinfi.com\/wp-content\/uploads\/2025\/09\/ruta-768x1175.png 768w, https:\/\/www.croinfi.com\/wp-content\/uploads\/2025\/09\/ruta-1004x1536.png 1004w, https:\/\/www.croinfi.com\/wp-content\/uploads\/2025\/09\/ruta-1338x2048.png 1338w, https:\/\/www.croinfi.com\/wp-content\/uploads\/2025\/09\/ruta-scaled.png 1673w\" sizes=\"auto, (max-width: 669px) 100vw, 669px\" \/><\/figure>\n<\/div>\n\n\n\n<div class=\"wp-block-column is-layout-flow wp-block-column-is-layout-flow\" style=\"flex-basis:25%\"><\/div>\n<\/div>\n\n\n\n<div class=\"wp-block-columns is-layout-flex wp-container-core-columns-is-layout-9d6595d7 wp-block-columns-is-layout-flex\">\n<div class=\"wp-block-column is-layout-flow wp-block-column-is-layout-flow\">\n<div style=\"height:100px\" aria-hidden=\"true\" class=\"wp-block-spacer\"><\/div>\n<\/div>\n<\/div>\n\n\n\n<div class=\"wp-block-columns is-layout-flex wp-container-core-columns-is-layout-9d6595d7 wp-block-columns-is-layout-flex\">\n<div class=\"wp-block-column has-medium-font-size is-layout-flow wp-block-column-is-layout-flow\"><style>.kt-svg-icons18_8b5d5b-c4 .kt-svg-item-0 .kb-svg-icon-wrap{color:var(--global-palette4, #2D3748);font-size:50px;}.wp-block-kadence-icon.kt-svg-icons18_8b5d5b-c4{justify-content:center;}<\/style>\n<div class=\"wp-block-kadence-icon kt-svg-icons kt-svg-icons18_8b5d5b-c4 alignnone\"><style>.kt-svg-item-18_84c30c-a5 .kb-svg-icon-wrap, .kt-svg-style-stacked.kt-svg-item-18_84c30c-a5 .kb-svg-icon-wrap{font-size:50px;}<\/style>\n<div class=\"wp-block-kadence-single-icon kt-svg-style-default kt-svg-icon-wrap kt-svg-item-18_84c30c-a5\"><span class=\"kb-svg-icon-wrap kb-svg-icon-fas_volleyball-ball\"><svg viewBox=\"0 0 495 512\"  fill=\"currentColor\" xmlns=\"http:\/\/www.w3.org\/2000\/svg\"  aria-hidden=\"true\"><path d=\"M223.3 243.4c-.9-37-8.6-72.8-22.7-105.7-90.8 42.4-157.5 122.4-180.3 216.8 13.4 30.8 32.9 58.3 56.9 81.1 22.7-79.2 74.2-147.8 146.1-192.2zM186.4 109c-15-26.4-34.5-50.1-57.4-70.7C38 88.1-15.8 191.2 4 300.5c33.4-83.1 98.4-152 182.4-191.5zM374 274.1c8.6-99.8-27.3-197.5-97.5-264.4-14.7-1.7-51.6-5.5-98.9 8.5 57.3 59.3 91 138.2 93.5 222.7 32.5 17.7 67.3 29 102.9 33.2zm-124.7 9.5c-31.6 19.3-58.7 43.9-80.2 72.6 82 57.3 184.5 75.1 277.5 47.8 19.7-26.4 34.2-56.8 42.2-89.9-26.6 6.6-53.7 10.4-80.9 10.4-54.6-.1-108.9-14.1-158.6-40.9zM151 383.3c-15.2 26-25.7 54.4-32.1 84.2 37.6 23 81.7 36.5 129.1 36.5 61 0 116.7-22.1 159.9-58.6C295 461.5 204.6 420.6 151 383.3zM331.3 22.7c55.3 70.4 82.5 161.2 74.6 253.6 30.3.2 60.5-4.8 89.7-14.2 0-2 .3-4 .3-6 0-107.8-68.7-199.1-164.6-233.4z\"\/><\/svg><\/span><\/div>\n<\/div>\n\n\n\n<h2 class=\"wp-block-heading\">Croinfi apoyando al Deporte<\/h2>\n\n\n\n<p>En Croinfi creemos firmemente que el deporte es semilla de valores como esfuerzo, trabajo en equipo y orgullo local. Por eso, a partir de este a\u00f1o hemos asumido el compromiso de apoyar al <strong>Club Social y Deportivo Cotopaxi<\/strong>, un equipo tradicional de Latacunga que representa a nuestra provincia en la Segunda Categor\u00eda de Ecuador. <\/p>\n\n\n\n<hr class=\"wp-block-separator has-alpha-channel-opacity\"\/>\n\n\n\n<p><strong>\u00bfPor qu\u00e9 Deportivo Cotopaxi?<\/strong><\/p>\n\n\n<style>.kt-svg-icons18_d39432-79 .kt-svg-item-0 .kb-svg-icon-wrap{color:var(--global-palette4, #2D3748);font-size:50px;}.wp-block-kadence-icon.kt-svg-icons18_d39432-79{justify-content:center;}<\/style>\n<div class=\"wp-block-kadence-icon kt-svg-icons kt-svg-icons18_d39432-79 alignnone\"><style>.kt-svg-item-18_7c94c8-17 .kb-svg-icon-wrap, .kt-svg-style-stacked.kt-svg-item-18_7c94c8-17 .kb-svg-icon-wrap{font-size:50px;}<\/style>\n<div class=\"wp-block-kadence-single-icon kt-svg-style-default kt-svg-icon-wrap kt-svg-item-18_7c94c8-17\"><span class=\"kb-svg-icon-wrap kb-svg-icon-fas_hands-helping\"><svg viewBox=\"0 0 640 512\"  fill=\"currentColor\" xmlns=\"http:\/\/www.w3.org\/2000\/svg\"  aria-hidden=\"true\"><path d=\"M488 192H336v56c0 39.7-32.3 72-72 72s-72-32.3-72-72V126.4l-64.9 39C107.8 176.9 96 197.8 96 220.2v47.3l-80 46.2C.7 322.5-4.6 342.1 4.3 357.4l80 138.6c8.8 15.3 28.4 20.5 43.7 11.7L231.4 448H368c35.3 0 64-28.7 64-64h16c17.7 0 32-14.3 32-32v-64h8c13.3 0 24-10.7 24-24v-48c0-13.3-10.7-24-24-24zm147.7-37.4L555.7 16C546.9.7 527.3-4.5 512 4.3L408.6 64H306.4c-12 0-23.7 3.4-33.9 9.7L239 94.6c-9.4 5.8-15 16.1-15 27.1V248c0 22.1 17.9 40 40 40s40-17.9 40-40v-88h184c30.9 0 56 25.1 56 56v28.5l80-46.2c15.3-8.9 20.5-28.4 11.7-43.7z\"\/><\/svg><\/span><\/div>\n<\/div>\n\n\n\n<p><strong>Nuestro aporte<\/strong><\/p>\n\n\n\n<ul class=\"wp-block-list\">\n<li><strong>Herencia local<\/strong>: Fundado el 10 de agosto de 1979, Cotopaxi es parte de la identidad deportiva de nuestra provincia. Sus uniformes reflejan los colores de la bandera provincial \u2014azul por la fidelidad y cielos claros, rojo por la pasi\u00f3n del f\u00fatbol. <\/li>\n\n\n\n<li><strong>Desarrollo comunitario<\/strong>: El equipo no solo compite; tambi\u00e9n impulsa espacios de formaci\u00f3n deportiva, integraci\u00f3n social y orgullo de barrio. Croinfi se une a esa causa para contribuir al crecimiento deportivo en Cotopaxi.<\/li>\n<\/ul>\n\n\n\n<ul class=\"wp-block-list\">\n<li><strong>Patrocinio institucional<\/strong>: Aportes financieros y materiales para que el equipo pueda entrenar y competir con mejores condiciones.<\/li>\n\n\n\n<li><strong>Visibilidad y marketing conjunto<\/strong>: Presencia de la marca Croinfi en uniformes, comunicados y actividades del club.<\/li>\n\n\n\n<li><strong>Proyecci\u00f3n de talentos<\/strong>: Colaboraci\u00f3n para potenciar jugadores cotopaxenses, generar oportunidades y destacar el talento local.<\/li>\n<\/ul>\n\n\n\n<hr class=\"wp-block-separator has-alpha-channel-opacity\"\/>\n\n\n<style>.kt-svg-icons18_670d96-86 .kt-svg-item-0 .kb-svg-icon-wrap{color:var(--global-palette4, #2D3748);font-size:50px;}.wp-block-kadence-icon.kt-svg-icons18_670d96-86{justify-content:center;}<\/style>\n<div class=\"wp-block-kadence-icon kt-svg-icons kt-svg-icons18_670d96-86 alignnone\"><style>.kt-svg-item-18_982ed2-6d .kb-svg-icon-wrap, .kt-svg-style-stacked.kt-svg-item-18_982ed2-6d .kb-svg-icon-wrap{font-size:50px;}<\/style>\n<div class=\"wp-block-kadence-single-icon kt-svg-style-default kt-svg-icon-wrap kt-svg-item-18_982ed2-6d\"><span class=\"kb-svg-icon-wrap kb-svg-icon-ic_people\"><svg viewBox=\"0 0 8 8\"  fill=\"currentColor\" xmlns=\"http:\/\/www.w3.org\/2000\/svg\"  aria-hidden=\"true\"><path d=\"M5.5 0c-.51 0-.95.35-1.22.88.45.54.72 1.28.72 2.13 0 .29-.03.55-.09.81.19.11.38.19.59.19.83 0 1.5-.9 1.5-2s-.67-2-1.5-2zm-3 1c-.83 0-1.5.9-1.5 2s.67 2 1.5 2 1.5-.9 1.5-2-.67-2-1.5-2zm4.75 3.16c-.43.51-1.02.82-1.69.84.27.38.44.84.44 1.34v.66h2v-1.66c0-.52-.31-.97-.75-1.19zm-6.5 1c-.44.22-.75.67-.75 1.19v1.66h5v-1.66c0-.52-.31-.97-.75-1.19-.45.53-1.06.84-1.75.84s-1.3-.32-1.75-.84z\"\/><\/svg><\/span><\/div>\n<\/div>\n\n\n\n<p><strong>Impacto<\/strong><\/p>\n\n\n\n<p>Con esta alianza, Croinfi reafirma su rol como empresa comprometida con Cotopaxi y su gente, fortaleciendo no solo el deporte profesional sino las comunidades. El apoyo deportivo nos permite tambi\u00e9n <strong>inspirar a nuevas generaciones<\/strong> a so\u00f1ar, formarse y competir, construyendo una regi\u00f3n m\u00e1s unida, sana y con identidad.<\/p>\n\n\n\n<div class=\"wp-block-buttons is-layout-flex wp-block-buttons-is-layout-flex\">\n<div class=\"wp-block-button has-custom-width wp-block-button__width-100\"><a class=\"wp-block-button__link has-vivid-red-background-color has-background wp-element-button\" href=\"https:\/\/www.croinfi.com\/?page_id=190\"><strong>M\u00e1s Informaci\u00f3n<\/strong><\/a><\/div>\n<\/div>\n<\/div>\n\n\n\n<div class=\"wp-block-column is-layout-flow wp-block-column-is-layout-flow\">\n<img loading=\"lazy\" decoding=\"async\" width=\"1080\" height=\"1350\" class=\"gb-media-7744dca5\" alt=\"\" src=\"https:\/\/www.croinfi.com\/wp-content\/uploads\/2025\/09\/Imagen-de-WhatsApp-2025-05-06-a-las-09.33.34_77a5029f-1.jpg\" title=\"Imagen de WhatsApp 2025-05-06 a las 09.33.34_77a5029f\" srcset=\"https:\/\/www.croinfi.com\/wp-content\/uploads\/2025\/09\/Imagen-de-WhatsApp-2025-05-06-a-las-09.33.34_77a5029f-1.jpg 1080w, https:\/\/www.croinfi.com\/wp-content\/uploads\/2025\/09\/Imagen-de-WhatsApp-2025-05-06-a-las-09.33.34_77a5029f-1-240x300.jpg 240w, https:\/\/www.croinfi.com\/wp-content\/uploads\/2025\/09\/Imagen-de-WhatsApp-2025-05-06-a-las-09.33.34_77a5029f-1-819x1024.jpg 819w, https:\/\/www.croinfi.com\/wp-content\/uploads\/2025\/09\/Imagen-de-WhatsApp-2025-05-06-a-las-09.33.34_77a5029f-1-768x960.jpg 768w\" sizes=\"auto, (max-width: 1080px) 100vw, 1080px\" \/>\n\n\n\n<figure class=\"wp-block-image size-large\"><img loading=\"lazy\" decoding=\"async\" width=\"819\" height=\"1024\" src=\"https:\/\/www.croinfi.com\/wp-content\/uploads\/2025\/09\/Imagen-de-WhatsApp-2025-05-06-a-las-09.33.33_56cc25da-1-819x1024.jpg\" alt=\"\" class=\"wp-image-86\" srcset=\"https:\/\/www.croinfi.com\/wp-content\/uploads\/2025\/09\/Imagen-de-WhatsApp-2025-05-06-a-las-09.33.33_56cc25da-1-819x1024.jpg 819w, https:\/\/www.croinfi.com\/wp-content\/uploads\/2025\/09\/Imagen-de-WhatsApp-2025-05-06-a-las-09.33.33_56cc25da-1-240x300.jpg 240w, https:\/\/www.croinfi.com\/wp-content\/uploads\/2025\/09\/Imagen-de-WhatsApp-2025-05-06-a-las-09.33.33_56cc25da-1-768x960.jpg 768w, https:\/\/www.croinfi.com\/wp-content\/uploads\/2025\/09\/Imagen-de-WhatsApp-2025-05-06-a-las-09.33.33_56cc25da-1.jpg 1080w\" sizes=\"auto, (max-width: 819px) 100vw, 819px\" \/><\/figure>\n\n\n\n<figure class=\"wp-block-image size-large\"><img loading=\"lazy\" decoding=\"async\" width=\"1024\" height=\"768\" src=\"https:\/\/www.croinfi.com\/wp-content\/uploads\/2025\/09\/deportivo-cotopaxi-guisart-croinfi-1-1-1024x768.jpg\" alt=\"\" class=\"wp-image-85\" srcset=\"https:\/\/www.croinfi.com\/wp-content\/uploads\/2025\/09\/deportivo-cotopaxi-guisart-croinfi-1-1-1024x768.jpg 1024w, https:\/\/www.croinfi.com\/wp-content\/uploads\/2025\/09\/deportivo-cotopaxi-guisart-croinfi-1-1-300x225.jpg 300w, https:\/\/www.croinfi.com\/wp-content\/uploads\/2025\/09\/deportivo-cotopaxi-guisart-croinfi-1-1-768x576.jpg 768w, https:\/\/www.croinfi.com\/wp-content\/uploads\/2025\/09\/deportivo-cotopaxi-guisart-croinfi-1-1.jpg 1280w\" sizes=\"auto, (max-width: 1024px) 100vw, 1024px\" \/><\/figure>\n<\/div>\n<\/div>\n\n\n\n<hr class=\"wp-block-separator has-alpha-channel-opacity\"\/>\n\n\n<style>.kt-svg-icons18_898fdb-0d .kt-svg-item-0 .kb-svg-icon-wrap{color:var(--global-palette4, #2D3748);font-size:50px;}.wp-block-kadence-icon.kt-svg-icons18_898fdb-0d{justify-content:center;}<\/style>\n<div class=\"wp-block-kadence-icon kt-svg-icons kt-svg-icons18_898fdb-0d alignnone\"><style>.kt-svg-item-18_16ce68-a6 .kb-svg-icon-wrap, .kt-svg-style-stacked.kt-svg-item-18_16ce68-a6 .kb-svg-icon-wrap{font-size:50px;}<\/style>\n<div class=\"wp-block-kadence-single-icon kt-svg-style-default kt-svg-icon-wrap kt-svg-item-18_16ce68-a6\"><span class=\"kb-svg-icon-wrap kb-svg-icon-fas_tree\"><svg viewBox=\"0 0 384 512\"  fill=\"currentColor\" xmlns=\"http:\/\/www.w3.org\/2000\/svg\"  aria-hidden=\"true\"><path d=\"M377.33 375.429L293.906 288H328c21.017 0 31.872-25.207 17.448-40.479L262.79 160H296c20.878 0 31.851-24.969 17.587-40.331l-104-112.003c-9.485-10.214-25.676-10.229-35.174 0l-104 112.003C56.206 134.969 67.037 160 88 160h33.21l-82.659 87.521C24.121 262.801 34.993 288 56 288h34.094L6.665 375.429C-7.869 390.655 2.925 416 24.025 416H144c0 32.781-11.188 49.26-33.995 67.506C98.225 492.93 104.914 512 120 512h144c15.086 0 21.776-19.069 9.995-28.494-19.768-15.814-33.992-31.665-33.995-67.496V416h119.97c21.05 0 31.929-25.309 17.36-40.571z\"\/><\/svg><\/span><\/div>\n<\/div>\n\n\n\n<h2 class=\"wp-block-heading has-text-align-center\">Croinfi y el medio Ambiente<\/h2>\n\n\n\n<figure class=\"wp-block-image size-large\"><img loading=\"lazy\" decoding=\"async\" width=\"1024\" height=\"557\" src=\"https:\/\/www.croinfi.com\/wp-content\/uploads\/2025\/09\/TRIPLE-IMPACTO-CROINFI-1-1024x557.png\" alt=\"\" class=\"wp-image-94\" srcset=\"https:\/\/www.croinfi.com\/wp-content\/uploads\/2025\/09\/TRIPLE-IMPACTO-CROINFI-1-1024x557.png 1024w, https:\/\/www.croinfi.com\/wp-content\/uploads\/2025\/09\/TRIPLE-IMPACTO-CROINFI-1-300x163.png 300w, https:\/\/www.croinfi.com\/wp-content\/uploads\/2025\/09\/TRIPLE-IMPACTO-CROINFI-1-768x418.png 768w, https:\/\/www.croinfi.com\/wp-content\/uploads\/2025\/09\/TRIPLE-IMPACTO-CROINFI-1-1536x836.png 1536w, https:\/\/www.croinfi.com\/wp-content\/uploads\/2025\/09\/TRIPLE-IMPACTO-CROINFI-1-2048x1115.png 2048w\" sizes=\"auto, (max-width: 1024px) 100vw, 1024px\" \/><\/figure>\n\n\n\n<p class=\"has-text-align-center\">En&nbsp;<strong>Croinfi<\/strong>&nbsp;creemos que la innovaci\u00f3n debe ir de la mano con la sostenibilidad. Contamos con un&nbsp;<strong>Plan Integral Medioambiental<\/strong>&nbsp;que gu\u00eda todas nuestras operaciones, asegurando procesos productivos responsables y en armon\u00eda con la naturaleza.<\/p>\n\n\n\n<h2 class=\"wp-block-heading has-text-align-center\">Nuestro compromiso ambiental<\/h2>\n\n\n\n<p class=\"has-text-align-center\">Priorizamos materias primas locales para reducir la huella de carbono.<\/p>\n\n\n\n<ul class=\"wp-block-list\">\n<li>Implementamos tecnolog\u00edas que optimizan recursos y energ\u00eda.<\/li>\n\n\n\n<li>Desarrollamos empaques responsables y reciclables.<\/li>\n\n\n\n<li>Promovemos la producci\u00f3n limpia, cuidando la salud de las personas y del planeta.<\/li>\n<\/ul>\n\n\n\n<p class=\"has-text-align-center\">Nuestro objetivo es claro:&nbsp;<strong>crear alimentos de calidad que respeten al medio ambiente y generen un impacto positivo en la comunidad y el entorno<\/strong>.<\/p>\n","protected":false},"excerpt":{"rendered":"<p>+ 18 a\u00f1os de experiencia, con presencia nacional e internacional Historia En Croinfi C\u00eda. Ltda. somos una empresa ecuatoriana con m\u00e1s de 18 a\u00f1os de experiencia en alimentos agroprocesados. Elaboramos salsas, aderezos, encurtidos y conservas bajo nuestras marcas Guisart\u00ae e Hottish\u00ae, adem\u00e1s de productos marca blanca para importantes cadenas como Supermaxi, Megamaxi y Aki. Nuestro [&hellip;]<\/p>\n","protected":false},"author":1,"featured_media":0,"parent":0,"menu_order":0,"comment_status":"closed","ping_status":"closed","template":"templates\/template-page-full-width.php","meta":{"footnotes":""},"class_list":["post-18","page","type-page","status-publish","hentry"],"yoast_head":"<!-- This site is optimized with the Yoast SEO plugin v26.6 - https:\/\/yoast.com\/wordpress\/plugins\/seo\/ -->\n<title>Qui\u00e9nes somos -<\/title>\n<meta name=\"robots\" content=\"index, follow, max-snippet:-1, max-image-preview:large, max-video-preview:-1\" \/>\n<link rel=\"canonical\" href=\"https:\/\/www.croinfi.com\/?page_id=18\" \/>\n<meta property=\"og:locale\" content=\"es_ES\" \/>\n<meta property=\"og:type\" content=\"article\" \/>\n<meta property=\"og:title\" content=\"Qui\u00e9nes somos -\" \/>\n<meta property=\"og:description\" content=\"+ 18 a\u00f1os de experiencia, con presencia nacional e internacional Historia En Croinfi C\u00eda. Ltda. somos una empresa ecuatoriana con m\u00e1s de 18 a\u00f1os de experiencia en alimentos agroprocesados. Elaboramos salsas, aderezos, encurtidos y conservas bajo nuestras marcas Guisart\u00ae e Hottish\u00ae, adem\u00e1s de productos marca blanca para importantes cadenas como Supermaxi, Megamaxi y Aki. Nuestro [&hellip;]\" \/>\n<meta property=\"og:url\" content=\"https:\/\/www.croinfi.com\/?page_id=18\" \/>\n<meta property=\"article:modified_time\" content=\"2025-09-26T16:21:32+00:00\" \/>\n<meta property=\"og:image\" content=\"https:\/\/www.croinfi.com\/wp-content\/uploads\/2025\/09\/ruta-669x1024.png\" \/>\n<meta name=\"twitter:card\" content=\"summary_large_image\" \/>\n<meta name=\"twitter:label1\" content=\"Tiempo de lectura\" \/>\n\t<meta name=\"twitter:data1\" content=\"4 minutos\" \/>\n<script type=\"application\/ld+json\" class=\"yoast-schema-graph\">{\"@context\":\"https:\/\/schema.org\",\"@graph\":[{\"@type\":\"WebPage\",\"@id\":\"https:\/\/www.croinfi.com\/?page_id=18\",\"url\":\"https:\/\/www.croinfi.com\/?page_id=18\",\"name\":\"Qui\u00e9nes somos -\",\"isPartOf\":{\"@id\":\"https:\/\/www.croinfi.com\/#website\"},\"primaryImageOfPage\":{\"@id\":\"https:\/\/www.croinfi.com\/?page_id=18#primaryimage\"},\"image\":{\"@id\":\"https:\/\/www.croinfi.com\/?page_id=18#primaryimage\"},\"thumbnailUrl\":\"https:\/\/www.croinfi.com\/wp-content\/uploads\/2025\/09\/ruta-669x1024.png\",\"datePublished\":\"2025-09-24T15:37:34+00:00\",\"dateModified\":\"2025-09-26T16:21:32+00:00\",\"breadcrumb\":{\"@id\":\"https:\/\/www.croinfi.com\/?page_id=18#breadcrumb\"},\"inLanguage\":\"es\",\"potentialAction\":[{\"@type\":\"ReadAction\",\"target\":[\"https:\/\/www.croinfi.com\/?page_id=18\"]}]},{\"@type\":\"ImageObject\",\"inLanguage\":\"es\",\"@id\":\"https:\/\/www.croinfi.com\/?page_id=18#primaryimage\",\"url\":\"https:\/\/www.croinfi.com\/wp-content\/uploads\/2025\/09\/ruta-scaled.png\",\"contentUrl\":\"https:\/\/www.croinfi.com\/wp-content\/uploads\/2025\/09\/ruta-scaled.png\",\"width\":1673,\"height\":2560},{\"@type\":\"BreadcrumbList\",\"@id\":\"https:\/\/www.croinfi.com\/?page_id=18#breadcrumb\",\"itemListElement\":[{\"@type\":\"ListItem\",\"position\":1,\"name\":\"Portada\",\"item\":\"https:\/\/www.croinfi.com\/\"},{\"@type\":\"ListItem\",\"position\":2,\"name\":\"Qui\u00e9nes somos\"}]},{\"@type\":\"WebSite\",\"@id\":\"https:\/\/www.croinfi.com\/#website\",\"url\":\"https:\/\/www.croinfi.com\/\",\"name\":\"\",\"description\":\"\",\"potentialAction\":[{\"@type\":\"SearchAction\",\"target\":{\"@type\":\"EntryPoint\",\"urlTemplate\":\"https:\/\/www.croinfi.com\/?s={search_term_string}\"},\"query-input\":{\"@type\":\"PropertyValueSpecification\",\"valueRequired\":true,\"valueName\":\"search_term_string\"}}],\"inLanguage\":\"es\"}]}<\/script>\n<!-- \/ Yoast SEO plugin. -->","yoast_head_json":{"title":"Qui\u00e9nes somos -","robots":{"index":"index","follow":"follow","max-snippet":"max-snippet:-1","max-image-preview":"max-image-preview:large","max-video-preview":"max-video-preview:-1"},"canonical":"https:\/\/www.croinfi.com\/?page_id=18","og_locale":"es_ES","og_type":"article","og_title":"Qui\u00e9nes somos -","og_description":"+ 18 a\u00f1os de experiencia, con presencia nacional e internacional Historia En Croinfi C\u00eda. Ltda. somos una empresa ecuatoriana con m\u00e1s de 18 a\u00f1os de experiencia en alimentos agroprocesados. Elaboramos salsas, aderezos, encurtidos y conservas bajo nuestras marcas Guisart\u00ae e Hottish\u00ae, adem\u00e1s de productos marca blanca para importantes cadenas como Supermaxi, Megamaxi y Aki. Nuestro [&hellip;]","og_url":"https:\/\/www.croinfi.com\/?page_id=18","article_modified_time":"2025-09-26T16:21:32+00:00","og_image":[{"url":"https:\/\/www.croinfi.com\/wp-content\/uploads\/2025\/09\/ruta-669x1024.png","type":"","width":"","height":""}],"twitter_card":"summary_large_image","twitter_misc":{"Tiempo de lectura":"4 minutos"},"schema":{"@context":"https:\/\/schema.org","@graph":[{"@type":"WebPage","@id":"https:\/\/www.croinfi.com\/?page_id=18","url":"https:\/\/www.croinfi.com\/?page_id=18","name":"Qui\u00e9nes somos -","isPartOf":{"@id":"https:\/\/www.croinfi.com\/#website"},"primaryImageOfPage":{"@id":"https:\/\/www.croinfi.com\/?page_id=18#primaryimage"},"image":{"@id":"https:\/\/www.croinfi.com\/?page_id=18#primaryimage"},"thumbnailUrl":"https:\/\/www.croinfi.com\/wp-content\/uploads\/2025\/09\/ruta-669x1024.png","datePublished":"2025-09-24T15:37:34+00:00","dateModified":"2025-09-26T16:21:32+00:00","breadcrumb":{"@id":"https:\/\/www.croinfi.com\/?page_id=18#breadcrumb"},"inLanguage":"es","potentialAction":[{"@type":"ReadAction","target":["https:\/\/www.croinfi.com\/?page_id=18"]}]},{"@type":"ImageObject","inLanguage":"es","@id":"https:\/\/www.croinfi.com\/?page_id=18#primaryimage","url":"https:\/\/www.croinfi.com\/wp-content\/uploads\/2025\/09\/ruta-scaled.png","contentUrl":"https:\/\/www.croinfi.com\/wp-content\/uploads\/2025\/09\/ruta-scaled.png","width":1673,"height":2560},{"@type":"BreadcrumbList","@id":"https:\/\/www.croinfi.com\/?page_id=18#breadcrumb","itemListElement":[{"@type":"ListItem","position":1,"name":"Portada","item":"https:\/\/www.croinfi.com\/"},{"@type":"ListItem","position":2,"name":"Qui\u00e9nes somos"}]},{"@type":"WebSite","@id":"https:\/\/www.croinfi.com\/#website","url":"https:\/\/www.croinfi.com\/","name":"","description":"","potentialAction":[{"@type":"SearchAction","target":{"@type":"EntryPoint","urlTemplate":"https:\/\/www.croinfi.com\/?s={search_term_string}"},"query-input":{"@type":"PropertyValueSpecification","valueRequired":true,"valueName":"search_term_string"}}],"inLanguage":"es"}]}},"_links":{"self":[{"href":"https:\/\/www.croinfi.com\/index.php?rest_route=\/wp\/v2\/pages\/18","targetHints":{"allow":["GET"]}}],"collection":[{"href":"https:\/\/www.croinfi.com\/index.php?rest_route=\/wp\/v2\/pages"}],"about":[{"href":"https:\/\/www.croinfi.com\/index.php?rest_route=\/wp\/v2\/types\/page"}],"author":[{"embeddable":true,"href":"https:\/\/www.croinfi.com\/index.php?rest_route=\/wp\/v2\/users\/1"}],"replies":[{"embeddable":true,"href":"https:\/\/www.croinfi.com\/index.php?rest_route=%2Fwp%2Fv2%2Fcomments&post=18"}],"version-history":[{"count":5,"href":"https:\/\/www.croinfi.com\/index.php?rest_route=\/wp\/v2\/pages\/18\/revisions"}],"predecessor-version":[{"id":198,"href":"https:\/\/www.croinfi.com\/index.php?rest_route=\/wp\/v2\/pages\/18\/revisions\/198"}],"wp:attachment":[{"href":"https:\/\/www.croinfi.com\/index.php?rest_route=%2Fwp%2Fv2%2Fmedia&parent=18"}],"curies":[{"name":"wp","href":"https:\/\/api.w.org\/{rel}","templated":true}]}}