{"id":20,"date":"2025-09-24T15:51:19","date_gmt":"2025-09-24T15:51:19","guid":{"rendered":"https:\/\/www.croinfi.com\/?page_id=20"},"modified":"2025-09-24T20:15:12","modified_gmt":"2025-09-24T20:15:12","slug":"marcas-croinfi-guisart-hottish","status":"publish","type":"page","link":"https:\/\/www.croinfi.com\/?page_id=20","title":{"rendered":"Marcas"},"content":{"rendered":"<div class=\"n2_clear\"><ss3-force-full-width data-overflow-x=\"body\" data-horizontal-selector=\"body\"><div class=\"n2-section-smartslider fitvidsignore  n2_clear\" data-ssid=\"2\"><div id=\"n2-ss-2-align\" class=\"n2-ss-align\"><div class=\"n2-padding\"><div id=\"n2-ss-2\" data-creator=\"Smart Slider 3\" data-responsive=\"fullwidth\" class=\"n2-ss-slider n2-ow n2-has-hover n2notransition  \"><div class=\"n2-ss-slider-wrapper-inside\">\n        <div class=\"n2-ss-slider-1 n2_ss__touch_element n2-ow\">\n            <div class=\"n2-ss-slider-2 n2-ow\">\n                                                <div class=\"n2-ss-slider-3 n2-ow\">\n\n                    <div class=\"n2-ss-slide-backgrounds n2-ow-all\"><div class=\"n2-ss-slide-background\" data-public-id=\"1\" data-mode=\"fill\" aria-hidden=\"true\"><div class=\"n2-ss-slide-background-image\" data-blur=\"0\" data-opacity=\"100\" data-x=\"50\" data-y=\"50\" data-alt=\"\" data-title=\"\"><picture class=\"skip-lazy\" data-skip-lazy=\"1\"><img decoding=\"async\" src=\"\/\/www.croinfi.com\/wp-content\/uploads\/2025\/09\/Porque-trabajar-con-Croinfi.png\" alt=\"\" title=\"\" loading=\"lazy\" class=\"skip-lazy\" data-skip-lazy=\"1\"><\/picture><\/div><div data-color=\"RGBA(255,255,255,0)\" style=\"background-color: RGBA(255,255,255,0);\" class=\"n2-ss-slide-background-color\"><\/div><\/div><div class=\"n2-ss-slide-background\" data-public-id=\"2\" data-mode=\"fill\" aria-hidden=\"true\"><div class=\"n2-ss-slide-background-image\" data-blur=\"0\" data-opacity=\"100\" data-x=\"50\" data-y=\"50\" data-alt=\"\" data-title=\"\"><picture class=\"skip-lazy\" data-skip-lazy=\"1\"><img decoding=\"async\" src=\"\/\/www.croinfi.com\/wp-content\/uploads\/2025\/09\/Nuestras-marcas.png\" alt=\"\" title=\"\" loading=\"lazy\" class=\"skip-lazy\" data-skip-lazy=\"1\"><\/picture><\/div><div data-color=\"RGBA(255,255,255,0)\" style=\"background-color: RGBA(255,255,255,0);\" class=\"n2-ss-slide-background-color\"><\/div><\/div><div class=\"n2-ss-slide-background\" data-public-id=\"3\" data-mode=\"fill\" aria-hidden=\"true\"><div class=\"n2-ss-slide-background-image\" data-blur=\"0\" data-opacity=\"100\" data-x=\"50\" data-y=\"50\" data-alt=\"\" data-title=\"\"><picture class=\"skip-lazy\" data-skip-lazy=\"1\"><img decoding=\"async\" src=\"\/\/www.croinfi.com\/wp-content\/uploads\/2025\/09\/Croinfi-Apoya-el-Deporte.png\" alt=\"\" title=\"\" loading=\"lazy\" class=\"skip-lazy\" data-skip-lazy=\"1\"><\/picture><\/div><div data-color=\"RGBA(255,255,255,0)\" style=\"background-color: RGBA(255,255,255,0);\" class=\"n2-ss-slide-background-color\"><\/div><\/div><div class=\"n2-ss-slide-background\" data-public-id=\"4\" data-mode=\"fill\"><div class=\"n2-ss-slide-background-image\" data-blur=\"0\" data-opacity=\"100\" data-x=\"50\" data-y=\"50\" data-alt=\"\" data-title=\"\"><picture class=\"skip-lazy\" data-skip-lazy=\"1\"><img decoding=\"async\" src=\"\/\/www.croinfi.com\/wp-content\/uploads\/2025\/09\/Croinfi.png\" alt=\"\" title=\"\" loading=\"lazy\" class=\"skip-lazy\" data-skip-lazy=\"1\"><\/picture><\/div><div data-color=\"RGBA(255,255,255,0)\" style=\"background-color: RGBA(255,255,255,0);\" class=\"n2-ss-slide-background-color\"><\/div><\/div><\/div>                    <div class=\"n2-ss-slider-4 n2-ow\">\n                        <svg xmlns=\"http:\/\/www.w3.org\/2000\/svg\" viewBox=\"0 0 1200 600\" data-related-device=\"desktopPortrait\" class=\"n2-ow n2-ss-preserve-size n2-ss-preserve-size--slider n2-ss-slide-limiter\"><\/svg><div data-slide-duration=\"0\" data-id=\"6\" data-slide-public-id=\"1\" aria-hidden=\"true\" data-title=\"Porqu\u00e9 trabajar con Croinfi\" class=\"n2-ss-slide n2-ow  n2-ss-slide-6\"><div role=\"note\" class=\"n2-ss-slide--focus\" tabindex=\"-1\">Porqu\u00e9 trabajar con Croinfi<\/div><div class=\"n2-ss-layers-container n2-ss-slide-limiter n2-ow\"><div class=\"n2-ss-layer n2-ow n-uc-C84fIKGLn8rH\" data-sstype=\"slide\" data-pm=\"default\"><\/div><\/div><\/div><div data-slide-duration=\"0\" data-id=\"7\" data-slide-public-id=\"2\" aria-hidden=\"true\" data-title=\"Nuestras marcas\" class=\"n2-ss-slide n2-ow  n2-ss-slide-7\"><div role=\"note\" class=\"n2-ss-slide--focus\" tabindex=\"-1\">Nuestras marcas<\/div><div class=\"n2-ss-layers-container n2-ss-slide-limiter n2-ow\"><div class=\"n2-ss-layer n2-ow n-uc-NnsY1rta9sqR\" data-sstype=\"slide\" data-pm=\"default\"><\/div><\/div><\/div><div data-slide-duration=\"0\" data-id=\"8\" data-slide-public-id=\"3\" aria-hidden=\"true\" data-title=\"Croinfi Apoya el Deporte\" class=\"n2-ss-slide n2-ow  n2-ss-slide-8\"><div role=\"note\" class=\"n2-ss-slide--focus\" tabindex=\"-1\">Croinfi Apoya el Deporte<\/div><div class=\"n2-ss-layers-container n2-ss-slide-limiter n2-ow\"><div class=\"n2-ss-layer n2-ow n-uc-aieG8K4414TH\" data-sstype=\"slide\" data-pm=\"default\"><\/div><\/div><\/div><div data-first=\"1\" data-slide-duration=\"0\" data-id=\"15\" data-slide-public-id=\"4\" data-title=\"Croinfi\" class=\"n2-ss-slide n2-ow  n2-ss-slide-15\"><div role=\"note\" class=\"n2-ss-slide--focus\" tabindex=\"-1\">Croinfi<\/div><div class=\"n2-ss-layers-container n2-ss-slide-limiter n2-ow\"><div class=\"n2-ss-layer n2-ow n-uc-sl6eXQD1GxG6\" data-sstype=\"slide\" data-pm=\"default\"><\/div><\/div><\/div>                    <\/div>\n\n                                    <\/div>\n            <\/div>\n        <\/div>\n        <div class=\"n2-ss-slider-controls n2-ss-slider-controls-absolute-left-center\"><div style=\"--widget-offset:15px;\" class=\"n2-ss-widget nextend-arrow n2-ow-all nextend-arrow-previous  nextend-arrow-animated-fade\" data-hide-mobileportrait=\"1\" id=\"n2-ss-2-arrow-previous\" role=\"button\" aria-label=\"previous arrow\" tabindex=\"0\"><img loading=\"lazy\" decoding=\"async\" width=\"32\" height=\"32\" class=\"skip-lazy\" data-skip-lazy=\"1\" src=\"data:image\/svg+xml;base64,PHN2ZyB3aWR0aD0iMzIiIGhlaWdodD0iMzIiIHZpZXdCb3g9IjAgMCAzMiAzMiIgeG1sbnM9Imh0dHA6Ly93d3cudzMub3JnLzIwMDAvc3ZnIj4KICAgIDxwYXRoIGQ9Ik0xMS40MzMgMTUuOTkyTDIyLjY5IDUuNzEyYy4zOTMtLjM5LjM5My0xLjAzIDAtMS40Mi0uMzkzLS4zOS0xLjAzLS4zOS0xLjQyMyAwbC0xMS45OCAxMC45NGMtLjIxLjIxLS4zLjQ5LS4yODUuNzYtLjAxNS4yOC4wNzUuNTYuMjg0Ljc3bDExLjk4IDEwLjk0Yy4zOTMuMzkgMS4wMy4zOSAxLjQyNCAwIC4zOTMtLjQuMzkzLTEuMDMgMC0xLjQybC0xMS4yNTctMTAuMjkiCiAgICAgICAgICBmaWxsPSIjZmZmZmZmIiBvcGFjaXR5PSIwLjgiIGZpbGwtcnVsZT0iZXZlbm9kZCIvPgo8L3N2Zz4=\" alt=\"previous arrow\"><\/div><\/div><div class=\"n2-ss-slider-controls n2-ss-slider-controls-absolute-right-center\"><div style=\"--widget-offset:15px;\" class=\"n2-ss-widget nextend-arrow n2-ow-all nextend-arrow-next  nextend-arrow-animated-fade\" data-hide-mobileportrait=\"1\" id=\"n2-ss-2-arrow-next\" role=\"button\" aria-label=\"next arrow\" tabindex=\"0\"><img loading=\"lazy\" decoding=\"async\" width=\"32\" height=\"32\" class=\"skip-lazy\" data-skip-lazy=\"1\" src=\"data:image\/svg+xml;base64,PHN2ZyB3aWR0aD0iMzIiIGhlaWdodD0iMzIiIHZpZXdCb3g9IjAgMCAzMiAzMiIgeG1sbnM9Imh0dHA6Ly93d3cudzMub3JnLzIwMDAvc3ZnIj4KICAgIDxwYXRoIGQ9Ik0xMC43MjIgNC4yOTNjLS4zOTQtLjM5LTEuMDMyLS4zOS0xLjQyNyAwLS4zOTMuMzktLjM5MyAxLjAzIDAgMS40MmwxMS4yODMgMTAuMjgtMTEuMjgzIDEwLjI5Yy0uMzkzLjM5LS4zOTMgMS4wMiAwIDEuNDIuMzk1LjM5IDEuMDMzLjM5IDEuNDI3IDBsMTIuMDA3LTEwLjk0Yy4yMS0uMjEuMy0uNDkuMjg0LS43Ny4wMTQtLjI3LS4wNzYtLjU1LS4yODYtLjc2TDEwLjcyIDQuMjkzeiIKICAgICAgICAgIGZpbGw9IiNmZmZmZmYiIG9wYWNpdHk9IjAuOCIgZmlsbC1ydWxlPSJldmVub2RkIi8+Cjwvc3ZnPg==\" alt=\"next arrow\"><\/div><\/div><\/div><\/div><ss3-loader><\/ss3-loader><\/div><\/div><div class=\"n2_clear\"><\/div><\/div><\/ss3-force-full-width><\/div>\n\n\n<div style=\"height:31px\" aria-hidden=\"true\" class=\"wp-block-spacer\"><\/div>\n\n\n\n<p class=\"has-text-align-center\">En <strong>Croinfi C\u00eda. Ltda.<\/strong> trabajamos cada d\u00eda para transformar la riqueza de nuestras materias primas en <strong>productos innovadores, pr\u00e1cticos y de alta calidad<\/strong>. Nuestras marcas reflejan diferentes estilos de vida y experiencias gastron\u00f3micas, siempre con el sello ecuatoriano de excelencia.<\/p>\n\n\n\n<div class=\"wp-block-columns is-layout-flex wp-container-core-columns-is-layout-9d6595d7 wp-block-columns-is-layout-flex\">\n<div class=\"wp-block-column is-layout-flow wp-block-column-is-layout-flow\">\n<figure class=\"wp-block-image size-large\"><img loading=\"lazy\" decoding=\"async\" width=\"1024\" height=\"623\" src=\"https:\/\/www.croinfi.com\/wp-content\/uploads\/2025\/09\/Logo-Guisart-Fondo-Claro-1024x623.png\" alt=\"\" class=\"wp-image-77\" srcset=\"https:\/\/www.croinfi.com\/wp-content\/uploads\/2025\/09\/Logo-Guisart-Fondo-Claro-1024x623.png 1024w, https:\/\/www.croinfi.com\/wp-content\/uploads\/2025\/09\/Logo-Guisart-Fondo-Claro-300x183.png 300w, https:\/\/www.croinfi.com\/wp-content\/uploads\/2025\/09\/Logo-Guisart-Fondo-Claro-768x468.png 768w, https:\/\/www.croinfi.com\/wp-content\/uploads\/2025\/09\/Logo-Guisart-Fondo-Claro-1536x935.png 1536w, https:\/\/www.croinfi.com\/wp-content\/uploads\/2025\/09\/Logo-Guisart-Fondo-Claro-2048x1247.png 2048w\" sizes=\"auto, (max-width: 1024px) 100vw, 1024px\" \/><\/figure>\n\n\n\n<p class=\"has-text-align-center\"><strong>Guisart\u00ae<\/strong> es nuestra marca insignia de <strong>salsas, aderezos y conservas<\/strong> que facilitan la preparaci\u00f3n de comidas deliciosas, r\u00e1pidas y pr\u00e1cticas. Inspiramos a las familias a descubrir su <strong>chef interno<\/strong>, combinando creatividad gastron\u00f3mica con sabores \u00fanicos<\/p>\n\n\n\n<div class=\"wp-block-buttons is-layout-flex wp-block-buttons-is-layout-flex\">\n<div class=\"wp-block-button has-custom-width wp-block-button__width-100\"><a class=\"wp-block-button__link wp-element-button\" href=\"https:\/\/guisart.com\/\">ver m\u00e1s&#8230;<\/a><\/div>\n<\/div>\n<\/div>\n\n\n\n<div class=\"wp-block-column is-layout-flow wp-block-column-is-layout-flow\">\n<figure class=\"wp-block-image size-large is-resized\"><img loading=\"lazy\" decoding=\"async\" width=\"1024\" height=\"741\" src=\"https:\/\/www.croinfi.com\/wp-content\/uploads\/2025\/09\/Logo-Hottish-1024x741.png\" alt=\"\" class=\"wp-image-75\" style=\"width:354px;height:auto\" srcset=\"https:\/\/www.croinfi.com\/wp-content\/uploads\/2025\/09\/Logo-Hottish-1024x741.png 1024w, https:\/\/www.croinfi.com\/wp-content\/uploads\/2025\/09\/Logo-Hottish-300x217.png 300w, https:\/\/www.croinfi.com\/wp-content\/uploads\/2025\/09\/Logo-Hottish-768x556.png 768w, https:\/\/www.croinfi.com\/wp-content\/uploads\/2025\/09\/Logo-Hottish-1536x1112.png 1536w, https:\/\/www.croinfi.com\/wp-content\/uploads\/2025\/09\/Logo-Hottish.png 2000w\" sizes=\"auto, (max-width: 1024px) 100vw, 1024px\" \/><\/figure>\n\n\n\n<p class=\"has-text-align-center\"><strong>Hottish\u00ae<\/strong> es la marca que celebra la pasi\u00f3n por el picante con identidad ecuatoriana. Creada para quienes buscan <strong>sabores intensos, atrevidos y diferentes<\/strong>, Hottish ofrece productos con personalidad irreverente y precios accesibles.<\/p>\n\n\n\n<div class=\"wp-block-buttons is-layout-flex wp-block-buttons-is-layout-flex\">\n<div class=\"wp-block-button has-custom-width wp-block-button__width-100\"><a class=\"wp-block-button__link wp-element-button\" href=\"http:\/\/www.hottishfood.com\">ver m\u00e1s&#8230;<\/a><\/div>\n<\/div>\n<\/div>\n<\/div>\n\n\n\n<p><\/p>\n","protected":false},"excerpt":{"rendered":"<p>En Croinfi C\u00eda. Ltda. trabajamos cada d\u00eda para transformar la riqueza de nuestras materias primas en productos innovadores, pr\u00e1cticos y de alta calidad. Nuestras marcas reflejan diferentes estilos de vida y experiencias gastron\u00f3micas, siempre con el sello ecuatoriano de excelencia. Guisart\u00ae es nuestra marca insignia de salsas, aderezos y conservas que facilitan la preparaci\u00f3n de [&hellip;]<\/p>\n","protected":false},"author":1,"featured_media":0,"parent":0,"menu_order":0,"comment_status":"closed","ping_status":"closed","template":"templates\/template-page-full-width.php","meta":{"footnotes":""},"class_list":["post-20","page","type-page","status-publish","hentry"],"yoast_head":"<!-- This site is optimized with the Yoast SEO plugin v26.6 - https:\/\/yoast.com\/wordpress\/plugins\/seo\/ -->\n<title>Marcas -<\/title>\n<meta name=\"description\" content=\"Explora las marcas Croinfi: Guisart\u00ae con salsas y aderezos gourmet, y Hottish\u00ae con picante ecuatoriano. Calidad certificada, innovaci\u00f3n y sabor aut\u00e9ntico en cada producto.\" \/>\n<meta name=\"robots\" content=\"index, follow, max-snippet:-1, max-image-preview:large, max-video-preview:-1\" \/>\n<link rel=\"canonical\" href=\"https:\/\/www.croinfi.com\/?page_id=20\" \/>\n<meta property=\"og:locale\" content=\"es_ES\" \/>\n<meta property=\"og:type\" content=\"article\" \/>\n<meta property=\"og:title\" content=\"Marcas -\" \/>\n<meta property=\"og:description\" content=\"Explora las marcas Croinfi: Guisart\u00ae con salsas y aderezos gourmet, y Hottish\u00ae con picante ecuatoriano. Calidad certificada, innovaci\u00f3n y sabor aut\u00e9ntico en cada producto.\" \/>\n<meta property=\"og:url\" content=\"https:\/\/www.croinfi.com\/?page_id=20\" \/>\n<meta property=\"article:modified_time\" content=\"2025-09-24T20:15:12+00:00\" \/>\n<meta property=\"og:image\" content=\"https:\/\/www.croinfi.com\/wp-content\/uploads\/2025\/09\/Logo-Guisart-Fondo-Claro-1024x623.png\" \/>\n<meta name=\"twitter:card\" content=\"summary_large_image\" \/>\n<meta name=\"twitter:label1\" content=\"Tiempo de lectura\" \/>\n\t<meta name=\"twitter:data1\" content=\"1 minuto\" \/>\n<script type=\"application\/ld+json\" class=\"yoast-schema-graph\">{\"@context\":\"https:\/\/schema.org\",\"@graph\":[{\"@type\":\"WebPage\",\"@id\":\"https:\/\/www.croinfi.com\/?page_id=20\",\"url\":\"https:\/\/www.croinfi.com\/?page_id=20\",\"name\":\"Marcas -\",\"isPartOf\":{\"@id\":\"https:\/\/www.croinfi.com\/#website\"},\"primaryImageOfPage\":{\"@id\":\"https:\/\/www.croinfi.com\/?page_id=20#primaryimage\"},\"image\":{\"@id\":\"https:\/\/www.croinfi.com\/?page_id=20#primaryimage\"},\"thumbnailUrl\":\"https:\/\/www.croinfi.com\/wp-content\/uploads\/2025\/09\/Logo-Guisart-Fondo-Claro-1024x623.png\",\"datePublished\":\"2025-09-24T15:51:19+00:00\",\"dateModified\":\"2025-09-24T20:15:12+00:00\",\"description\":\"Explora las marcas Croinfi: Guisart\u00ae con salsas y aderezos gourmet, y Hottish\u00ae con picante ecuatoriano. Calidad certificada, innovaci\u00f3n y sabor aut\u00e9ntico en cada producto.\",\"breadcrumb\":{\"@id\":\"https:\/\/www.croinfi.com\/?page_id=20#breadcrumb\"},\"inLanguage\":\"es\",\"potentialAction\":[{\"@type\":\"ReadAction\",\"target\":[\"https:\/\/www.croinfi.com\/?page_id=20\"]}]},{\"@type\":\"ImageObject\",\"inLanguage\":\"es\",\"@id\":\"https:\/\/www.croinfi.com\/?page_id=20#primaryimage\",\"url\":\"https:\/\/www.croinfi.com\/wp-content\/uploads\/2025\/09\/Logo-Guisart-Fondo-Claro.png\",\"contentUrl\":\"https:\/\/www.croinfi.com\/wp-content\/uploads\/2025\/09\/Logo-Guisart-Fondo-Claro.png\",\"width\":2278,\"height\":1387},{\"@type\":\"BreadcrumbList\",\"@id\":\"https:\/\/www.croinfi.com\/?page_id=20#breadcrumb\",\"itemListElement\":[{\"@type\":\"ListItem\",\"position\":1,\"name\":\"Portada\",\"item\":\"https:\/\/www.croinfi.com\/\"},{\"@type\":\"ListItem\",\"position\":2,\"name\":\"Marcas\"}]},{\"@type\":\"WebSite\",\"@id\":\"https:\/\/www.croinfi.com\/#website\",\"url\":\"https:\/\/www.croinfi.com\/\",\"name\":\"\",\"description\":\"\",\"potentialAction\":[{\"@type\":\"SearchAction\",\"target\":{\"@type\":\"EntryPoint\",\"urlTemplate\":\"https:\/\/www.croinfi.com\/?s={search_term_string}\"},\"query-input\":{\"@type\":\"PropertyValueSpecification\",\"valueRequired\":true,\"valueName\":\"search_term_string\"}}],\"inLanguage\":\"es\"}]}<\/script>\n<!-- \/ Yoast SEO plugin. -->","yoast_head_json":{"title":"Marcas -","description":"Explora las marcas Croinfi: Guisart\u00ae con salsas y aderezos gourmet, y Hottish\u00ae con picante ecuatoriano. Calidad certificada, innovaci\u00f3n y sabor aut\u00e9ntico en cada producto.","robots":{"index":"index","follow":"follow","max-snippet":"max-snippet:-1","max-image-preview":"max-image-preview:large","max-video-preview":"max-video-preview:-1"},"canonical":"https:\/\/www.croinfi.com\/?page_id=20","og_locale":"es_ES","og_type":"article","og_title":"Marcas -","og_description":"Explora las marcas Croinfi: Guisart\u00ae con salsas y aderezos gourmet, y Hottish\u00ae con picante ecuatoriano. Calidad certificada, innovaci\u00f3n y sabor aut\u00e9ntico en cada producto.","og_url":"https:\/\/www.croinfi.com\/?page_id=20","article_modified_time":"2025-09-24T20:15:12+00:00","og_image":[{"url":"https:\/\/www.croinfi.com\/wp-content\/uploads\/2025\/09\/Logo-Guisart-Fondo-Claro-1024x623.png","type":"","width":"","height":""}],"twitter_card":"summary_large_image","twitter_misc":{"Tiempo de lectura":"1 minuto"},"schema":{"@context":"https:\/\/schema.org","@graph":[{"@type":"WebPage","@id":"https:\/\/www.croinfi.com\/?page_id=20","url":"https:\/\/www.croinfi.com\/?page_id=20","name":"Marcas -","isPartOf":{"@id":"https:\/\/www.croinfi.com\/#website"},"primaryImageOfPage":{"@id":"https:\/\/www.croinfi.com\/?page_id=20#primaryimage"},"image":{"@id":"https:\/\/www.croinfi.com\/?page_id=20#primaryimage"},"thumbnailUrl":"https:\/\/www.croinfi.com\/wp-content\/uploads\/2025\/09\/Logo-Guisart-Fondo-Claro-1024x623.png","datePublished":"2025-09-24T15:51:19+00:00","dateModified":"2025-09-24T20:15:12+00:00","description":"Explora las marcas Croinfi: Guisart\u00ae con salsas y aderezos gourmet, y Hottish\u00ae con picante ecuatoriano. Calidad certificada, innovaci\u00f3n y sabor aut\u00e9ntico en cada producto.","breadcrumb":{"@id":"https:\/\/www.croinfi.com\/?page_id=20#breadcrumb"},"inLanguage":"es","potentialAction":[{"@type":"ReadAction","target":["https:\/\/www.croinfi.com\/?page_id=20"]}]},{"@type":"ImageObject","inLanguage":"es","@id":"https:\/\/www.croinfi.com\/?page_id=20#primaryimage","url":"https:\/\/www.croinfi.com\/wp-content\/uploads\/2025\/09\/Logo-Guisart-Fondo-Claro.png","contentUrl":"https:\/\/www.croinfi.com\/wp-content\/uploads\/2025\/09\/Logo-Guisart-Fondo-Claro.png","width":2278,"height":1387},{"@type":"BreadcrumbList","@id":"https:\/\/www.croinfi.com\/?page_id=20#breadcrumb","itemListElement":[{"@type":"ListItem","position":1,"name":"Portada","item":"https:\/\/www.croinfi.com\/"},{"@type":"ListItem","position":2,"name":"Marcas"}]},{"@type":"WebSite","@id":"https:\/\/www.croinfi.com\/#website","url":"https:\/\/www.croinfi.com\/","name":"","description":"","potentialAction":[{"@type":"SearchAction","target":{"@type":"EntryPoint","urlTemplate":"https:\/\/www.croinfi.com\/?s={search_term_string}"},"query-input":{"@type":"PropertyValueSpecification","valueRequired":true,"valueName":"search_term_string"}}],"inLanguage":"es"}]}},"_links":{"self":[{"href":"https:\/\/www.croinfi.com\/index.php?rest_route=\/wp\/v2\/pages\/20","targetHints":{"allow":["GET"]}}],"collection":[{"href":"https:\/\/www.croinfi.com\/index.php?rest_route=\/wp\/v2\/pages"}],"about":[{"href":"https:\/\/www.croinfi.com\/index.php?rest_route=\/wp\/v2\/types\/page"}],"author":[{"embeddable":true,"href":"https:\/\/www.croinfi.com\/index.php?rest_route=\/wp\/v2\/users\/1"}],"replies":[{"embeddable":true,"href":"https:\/\/www.croinfi.com\/index.php?rest_route=%2Fwp%2Fv2%2Fcomments&post=20"}],"version-history":[{"count":3,"href":"https:\/\/www.croinfi.com\/index.php?rest_route=\/wp\/v2\/pages\/20\/revisions"}],"predecessor-version":[{"id":91,"href":"https:\/\/www.croinfi.com\/index.php?rest_route=\/wp\/v2\/pages\/20\/revisions\/91"}],"wp:attachment":[{"href":"https:\/\/www.croinfi.com\/index.php?rest_route=%2Fwp%2Fv2%2Fmedia&parent=20"}],"curies":[{"name":"wp","href":"https:\/\/api.w.org\/{rel}","templated":true}]}}