{"id":98,"date":"2025-09-24T18:00:08","date_gmt":"2025-09-24T18:00:08","guid":{"rendered":"https:\/\/www.croinfi.com\/?page_id=98"},"modified":"2025-09-26T15:45:40","modified_gmt":"2025-09-26T15:45:40","slug":"croinfi-venta-maquila","status":"publish","type":"page","link":"https:\/\/www.croinfi.com\/?page_id=98","title":{"rendered":"Negocios"},"content":{"rendered":"\n<div style=\"height:10px\" aria-hidden=\"true\" class=\"wp-block-spacer\"><\/div>\n\n\n\n<div class=\"wp-block-columns is-layout-flex wp-container-core-columns-is-layout-9d6595d7 wp-block-columns-is-layout-flex\">\n<div class=\"wp-block-column is-layout-flow wp-block-column-is-layout-flow\"><div class=\"wp-block-image\">\n<figure class=\"aligncenter size-large is-resized\"><img loading=\"lazy\" decoding=\"async\" width=\"747\" height=\"1024\" src=\"https:\/\/www.croinfi.com\/wp-content\/uploads\/2025\/09\/chica-haciendo-compras-747x1024.png\" alt=\"\" class=\"wp-image-52\" style=\"width:394px;height:auto\" srcset=\"https:\/\/www.croinfi.com\/wp-content\/uploads\/2025\/09\/chica-haciendo-compras-747x1024.png 747w, https:\/\/www.croinfi.com\/wp-content\/uploads\/2025\/09\/chica-haciendo-compras-219x300.png 219w, https:\/\/www.croinfi.com\/wp-content\/uploads\/2025\/09\/chica-haciendo-compras-768x1052.png 768w, https:\/\/www.croinfi.com\/wp-content\/uploads\/2025\/09\/chica-haciendo-compras.png 864w\" sizes=\"auto, (max-width: 747px) 100vw, 747px\" \/><\/figure>\n<\/div>\n\n\n<div style=\"height:8px\" aria-hidden=\"true\" class=\"wp-block-spacer\"><\/div>\n\n\n<style>.kt-svg-icons98_f7e81f-28 .kt-svg-item-0 .kb-svg-icon-wrap{color:var(--global-palette4, #2D3748);font-size:50px;}.wp-block-kadence-icon.kt-svg-icons98_f7e81f-28{justify-content:center;}<\/style>\n<div class=\"wp-block-kadence-icon kt-svg-icons kt-svg-icons98_f7e81f-28 alignnone\"><style>.kt-svg-item-98_91f581-4b .kb-svg-icon-wrap, .kt-svg-style-stacked.kt-svg-item-98_91f581-4b .kb-svg-icon-wrap{font-size:50px;}<\/style>\n<div class=\"wp-block-kadence-single-icon kt-svg-style-default kt-svg-icon-wrap kt-svg-item-98_91f581-4b\"><span class=\"kb-svg-icon-wrap kb-svg-icon-fe_shoppingCart\"><svg viewBox=\"0 0 24 24\"  fill=\"none\" stroke=\"currentColor\" stroke-width=\"2\" stroke-linecap=\"round\" stroke-linejoin=\"round\" xmlns=\"http:\/\/www.w3.org\/2000\/svg\"  aria-hidden=\"true\"><circle cx=\"9\" cy=\"21\" r=\"1\"\/><circle cx=\"20\" cy=\"21\" r=\"1\"\/><path d=\"M1 1h4l2.68 13.39a2 2 0 0 0 2 1.61h9.72a2 2 0 0 0 2-1.61L23 6H6\"\/><\/svg><\/span><\/div>\n<\/div>\n\n\n\n<p><\/p>\n\n\n\n<div>\n<h2 class=\"wp-block-heading has-text-align-center has-white-color has-vivid-red-background-color has-text-color has-background has-link-color wp-elements-082b1d697e5bbfd7f3ab46904ceaeade\">Vende Nuestros Productos<\/h2>\n<\/div>\n\n\n\n<div>\n<p class=\"has-text-align-center has-white-background-color has-background\">En CROINFI creemos que la formaci\u00f3n de alianzas estrat\u00e9gicas son la base de un crecimiento sostenido. Nuestro principal inter\u00e9s es desarrollar una relaci\u00f3n comercial a largo plazo con nuestros clientes, brind\u00e1ndoles un servicio integral que se extiende m\u00e1s all\u00e1 de la venta de un producto, incluye el acompa\u00f1amiento en cada una de las etapas del ciclo de vida del producto.<\/p>\n<\/div>\n\n\n\n<p class=\"has-palette-color-5-background-color has-background\">En Croinfi siempre estamos buscando oportunidades de expansi\u00f3n que nos permitan crear presencia de marca y as\u00ed, llegar a m\u00e1s familias ecuatorianas. Si deseas formar parte de este gran objetivo te invitamos a tomar contacto con nosotros.<\/p>\n\n\n\n<p><\/p>\n<\/div>\n\n\n\n<div class=\"wp-block-column is-layout-flow wp-block-column-is-layout-flow\"><div class=\"wp-block-image\">\n<figure class=\"aligncenter size-large is-resized\"><img loading=\"lazy\" decoding=\"async\" width=\"1024\" height=\"576\" src=\"https:\/\/www.croinfi.com\/wp-content\/uploads\/2025\/09\/Titulo-secundario-1024x576.jpg\" alt=\"\" class=\"wp-image-171\" style=\"aspect-ratio:0.5625;object-fit:cover;width:305px;height:auto\" srcset=\"https:\/\/www.croinfi.com\/wp-content\/uploads\/2025\/09\/Titulo-secundario-1024x576.jpg 1024w, https:\/\/www.croinfi.com\/wp-content\/uploads\/2025\/09\/Titulo-secundario-300x169.jpg 300w, https:\/\/www.croinfi.com\/wp-content\/uploads\/2025\/09\/Titulo-secundario-768x432.jpg 768w, https:\/\/www.croinfi.com\/wp-content\/uploads\/2025\/09\/Titulo-secundario-1536x864.jpg 1536w, https:\/\/www.croinfi.com\/wp-content\/uploads\/2025\/09\/Titulo-secundario.jpg 1920w\" sizes=\"auto, (max-width: 1024px) 100vw, 1024px\" \/><\/figure>\n<\/div>\n\n\n<div style=\"height:8px\" aria-hidden=\"true\" class=\"wp-block-spacer\"><\/div>\n\n\n<style>.kt-svg-icons98_3e12aa-5a .kt-svg-item-0 .kb-svg-icon-wrap{color:var(--global-palette4, #2D3748);font-size:50px;}.wp-block-kadence-icon.kt-svg-icons98_3e12aa-5a{justify-content:center;}<\/style>\n<div class=\"wp-block-kadence-icon kt-svg-icons kt-svg-icons98_3e12aa-5a alignnone\"><style>.kt-svg-item-98_d16c17-80 .kb-svg-icon-wrap, .kt-svg-style-stacked.kt-svg-item-98_d16c17-80 .kb-svg-icon-wrap{font-size:50px;}<\/style>\n<div class=\"wp-block-kadence-single-icon kt-svg-style-default kt-svg-icon-wrap kt-svg-item-98_d16c17-80\"><span class=\"kb-svg-icon-wrap kb-svg-icon-fe_settings\"><svg viewBox=\"0 0 24 24\"  fill=\"none\" stroke=\"currentColor\" stroke-width=\"2\" stroke-linecap=\"round\" stroke-linejoin=\"round\" xmlns=\"http:\/\/www.w3.org\/2000\/svg\"  aria-hidden=\"true\"><circle cx=\"12\" cy=\"12\" r=\"3\"\/><path d=\"M19.4 15a1.65 1.65 0 0 0 .33 1.82l.06.06a2 2 0 0 1 0 2.83 2 2 0 0 1-2.83 0l-.06-.06a1.65 1.65 0 0 0-1.82-.33 1.65 1.65 0 0 0-1 1.51V21a2 2 0 0 1-2 2 2 2 0 0 1-2-2v-.09A1.65 1.65 0 0 0 9 19.4a1.65 1.65 0 0 0-1.82.33l-.06.06a2 2 0 0 1-2.83 0 2 2 0 0 1 0-2.83l.06-.06a1.65 1.65 0 0 0 .33-1.82 1.65 1.65 0 0 0-1.51-1H3a2 2 0 0 1-2-2 2 2 0 0 1 2-2h.09A1.65 1.65 0 0 0 4.6 9a1.65 1.65 0 0 0-.33-1.82l-.06-.06a2 2 0 0 1 0-2.83 2 2 0 0 1 2.83 0l.06.06a1.65 1.65 0 0 0 1.82.33H9a1.65 1.65 0 0 0 1-1.51V3a2 2 0 0 1 2-2 2 2 0 0 1 2 2v.09a1.65 1.65 0 0 0 1 1.51 1.65 1.65 0 0 0 1.82-.33l.06-.06a2 2 0 0 1 2.83 0 2 2 0 0 1 0 2.83l-.06.06a1.65 1.65 0 0 0-.33 1.82V9a1.65 1.65 0 0 0 1.51 1H21a2 2 0 0 1 2 2 2 2 0 0 1-2 2h-.09a1.65 1.65 0 0 0-1.51 1z\"\/><\/svg><\/span><\/div>\n<\/div>\n\n\n\n<p><\/p>\n\n\n\n<h2 class=\"wp-block-heading has-text-align-center has-white-color has-vivid-red-background-color has-text-color has-background has-link-color wp-elements-4982f0e893b38e579b6906db78c627e7\">Fabricamos tus Productos<\/h2>\n\n\n\n<p class=\"has-text-align-center has-palette-color-5-background-color has-background\">En CROINFI estamos seguros de que, si sumamos una larga trayectoria dentro del sector alimenticio, un equipo de trabajo con experiencia en la fabricaci\u00f3n de alimentos para supermercados e instalaciones certificadas, podemos ofrecerte la oportunidad de llevar al mercado tus desarrollos alimenticios de la mano de una de las compa\u00f1\u00edas fabricantes m\u00e1s confiable, flexible y competitiva del pa\u00eds.<\/p>\n\n\n\n<p class=\"has-palette-color-5-background-color has-background\">Nos encantar\u00eda ofrecerte nuestro servicio de fabricaci\u00f3n de productos alimenticios bajo contrato en los mejores t\u00e9rminos comerciales, que resulten siempre en un ganar \u2013 ganar para ambas partes.<\/p>\n\n\n\n<p class=\"has-palette-color-5-background-color has-background\">Queremos conocer m\u00e1s de tus ideas por favor te invitamos a que te contactes con nosotros.<\/p>\n<\/div>\n<\/div>\n\n\n\n<p class=\"has-text-align-center\">Ya sea para vender comercializar nuestros productos o para maquilar tu producto, ll\u00e1manos al (593) 0998 673995 y conversemos. Tambi\u00e9n puedes escribirnos por Whatsapp.<\/p>\n\n\n\n<p><\/p>\n","protected":false},"excerpt":{"rendered":"<p>Vende Nuestros Productos En CROINFI creemos que la formaci\u00f3n de alianzas estrat\u00e9gicas son la base de un crecimiento sostenido. Nuestro principal inter\u00e9s es desarrollar una relaci\u00f3n comercial a largo plazo con nuestros clientes, brind\u00e1ndoles un servicio integral que se extiende m\u00e1s all\u00e1 de la venta de un producto, incluye el acompa\u00f1amiento en cada una de [&hellip;]<\/p>\n","protected":false},"author":1,"featured_media":58,"parent":0,"menu_order":0,"comment_status":"closed","ping_status":"closed","template":"templates\/template-page-full-width.php","meta":{"footnotes":""},"class_list":["post-98","page","type-page","status-publish","has-post-thumbnail","hentry"],"yoast_head":"<!-- This site is optimized with the Yoast SEO plugin v26.6 - https:\/\/yoast.com\/wordpress\/plugins\/seo\/ -->\n<title>Negocios -<\/title>\n<meta name=\"description\" content=\"Vende productos de Croinfi de las marcas Guisart y Hottish, tambi\u00e9n fabricamos tus productos con tu marca\" \/>\n<meta name=\"robots\" content=\"index, follow, max-snippet:-1, max-image-preview:large, max-video-preview:-1\" \/>\n<link rel=\"canonical\" href=\"https:\/\/www.croinfi.com\/?page_id=98\" \/>\n<meta property=\"og:locale\" content=\"es_ES\" \/>\n<meta property=\"og:type\" content=\"article\" \/>\n<meta property=\"og:title\" content=\"Negocios -\" \/>\n<meta property=\"og:description\" content=\"Vende productos de Croinfi de las marcas Guisart y Hottish, tambi\u00e9n fabricamos tus productos con tu marca\" \/>\n<meta property=\"og:url\" content=\"https:\/\/www.croinfi.com\/?page_id=98\" \/>\n<meta property=\"article:modified_time\" content=\"2025-09-26T15:45:40+00:00\" \/>\n<meta property=\"og:image\" content=\"https:\/\/www.croinfi.com\/wp-content\/uploads\/2025\/09\/Reclutamiento.png\" \/>\n\t<meta property=\"og:image:width\" content=\"300\" \/>\n\t<meta property=\"og:image:height\" content=\"100\" \/>\n\t<meta property=\"og:image:type\" content=\"image\/png\" \/>\n<meta name=\"twitter:card\" content=\"summary_large_image\" \/>\n<meta name=\"twitter:label1\" content=\"Tiempo de lectura\" \/>\n\t<meta name=\"twitter:data1\" content=\"2 minutos\" \/>\n<script type=\"application\/ld+json\" class=\"yoast-schema-graph\">{\"@context\":\"https:\/\/schema.org\",\"@graph\":[{\"@type\":\"WebPage\",\"@id\":\"https:\/\/www.croinfi.com\/?page_id=98\",\"url\":\"https:\/\/www.croinfi.com\/?page_id=98\",\"name\":\"Negocios -\",\"isPartOf\":{\"@id\":\"https:\/\/www.croinfi.com\/#website\"},\"primaryImageOfPage\":{\"@id\":\"https:\/\/www.croinfi.com\/?page_id=98#primaryimage\"},\"image\":{\"@id\":\"https:\/\/www.croinfi.com\/?page_id=98#primaryimage\"},\"thumbnailUrl\":\"https:\/\/www.croinfi.com\/wp-content\/uploads\/2025\/09\/Reclutamiento.png\",\"datePublished\":\"2025-09-24T18:00:08+00:00\",\"dateModified\":\"2025-09-26T15:45:40+00:00\",\"description\":\"Vende productos de Croinfi de las marcas Guisart y Hottish, tambi\u00e9n fabricamos tus productos con tu marca\",\"breadcrumb\":{\"@id\":\"https:\/\/www.croinfi.com\/?page_id=98#breadcrumb\"},\"inLanguage\":\"es\",\"potentialAction\":[{\"@type\":\"ReadAction\",\"target\":[\"https:\/\/www.croinfi.com\/?page_id=98\"]}]},{\"@type\":\"ImageObject\",\"inLanguage\":\"es\",\"@id\":\"https:\/\/www.croinfi.com\/?page_id=98#primaryimage\",\"url\":\"https:\/\/www.croinfi.com\/wp-content\/uploads\/2025\/09\/Reclutamiento.png\",\"contentUrl\":\"https:\/\/www.croinfi.com\/wp-content\/uploads\/2025\/09\/Reclutamiento.png\",\"width\":300,\"height\":100},{\"@type\":\"BreadcrumbList\",\"@id\":\"https:\/\/www.croinfi.com\/?page_id=98#breadcrumb\",\"itemListElement\":[{\"@type\":\"ListItem\",\"position\":1,\"name\":\"Portada\",\"item\":\"https:\/\/www.croinfi.com\/\"},{\"@type\":\"ListItem\",\"position\":2,\"name\":\"Negocios\"}]},{\"@type\":\"WebSite\",\"@id\":\"https:\/\/www.croinfi.com\/#website\",\"url\":\"https:\/\/www.croinfi.com\/\",\"name\":\"\",\"description\":\"\",\"potentialAction\":[{\"@type\":\"SearchAction\",\"target\":{\"@type\":\"EntryPoint\",\"urlTemplate\":\"https:\/\/www.croinfi.com\/?s={search_term_string}\"},\"query-input\":{\"@type\":\"PropertyValueSpecification\",\"valueRequired\":true,\"valueName\":\"search_term_string\"}}],\"inLanguage\":\"es\"}]}<\/script>\n<!-- \/ Yoast SEO plugin. -->","yoast_head_json":{"title":"Negocios -","description":"Vende productos de Croinfi de las marcas Guisart y Hottish, tambi\u00e9n fabricamos tus productos con tu marca","robots":{"index":"index","follow":"follow","max-snippet":"max-snippet:-1","max-image-preview":"max-image-preview:large","max-video-preview":"max-video-preview:-1"},"canonical":"https:\/\/www.croinfi.com\/?page_id=98","og_locale":"es_ES","og_type":"article","og_title":"Negocios -","og_description":"Vende productos de Croinfi de las marcas Guisart y Hottish, tambi\u00e9n fabricamos tus productos con tu marca","og_url":"https:\/\/www.croinfi.com\/?page_id=98","article_modified_time":"2025-09-26T15:45:40+00:00","og_image":[{"width":300,"height":100,"url":"https:\/\/www.croinfi.com\/wp-content\/uploads\/2025\/09\/Reclutamiento.png","type":"image\/png"}],"twitter_card":"summary_large_image","twitter_misc":{"Tiempo de lectura":"2 minutos"},"schema":{"@context":"https:\/\/schema.org","@graph":[{"@type":"WebPage","@id":"https:\/\/www.croinfi.com\/?page_id=98","url":"https:\/\/www.croinfi.com\/?page_id=98","name":"Negocios -","isPartOf":{"@id":"https:\/\/www.croinfi.com\/#website"},"primaryImageOfPage":{"@id":"https:\/\/www.croinfi.com\/?page_id=98#primaryimage"},"image":{"@id":"https:\/\/www.croinfi.com\/?page_id=98#primaryimage"},"thumbnailUrl":"https:\/\/www.croinfi.com\/wp-content\/uploads\/2025\/09\/Reclutamiento.png","datePublished":"2025-09-24T18:00:08+00:00","dateModified":"2025-09-26T15:45:40+00:00","description":"Vende productos de Croinfi de las marcas Guisart y Hottish, tambi\u00e9n fabricamos tus productos con tu marca","breadcrumb":{"@id":"https:\/\/www.croinfi.com\/?page_id=98#breadcrumb"},"inLanguage":"es","potentialAction":[{"@type":"ReadAction","target":["https:\/\/www.croinfi.com\/?page_id=98"]}]},{"@type":"ImageObject","inLanguage":"es","@id":"https:\/\/www.croinfi.com\/?page_id=98#primaryimage","url":"https:\/\/www.croinfi.com\/wp-content\/uploads\/2025\/09\/Reclutamiento.png","contentUrl":"https:\/\/www.croinfi.com\/wp-content\/uploads\/2025\/09\/Reclutamiento.png","width":300,"height":100},{"@type":"BreadcrumbList","@id":"https:\/\/www.croinfi.com\/?page_id=98#breadcrumb","itemListElement":[{"@type":"ListItem","position":1,"name":"Portada","item":"https:\/\/www.croinfi.com\/"},{"@type":"ListItem","position":2,"name":"Negocios"}]},{"@type":"WebSite","@id":"https:\/\/www.croinfi.com\/#website","url":"https:\/\/www.croinfi.com\/","name":"","description":"","potentialAction":[{"@type":"SearchAction","target":{"@type":"EntryPoint","urlTemplate":"https:\/\/www.croinfi.com\/?s={search_term_string}"},"query-input":{"@type":"PropertyValueSpecification","valueRequired":true,"valueName":"search_term_string"}}],"inLanguage":"es"}]}},"_links":{"self":[{"href":"https:\/\/www.croinfi.com\/index.php?rest_route=\/wp\/v2\/pages\/98","targetHints":{"allow":["GET"]}}],"collection":[{"href":"https:\/\/www.croinfi.com\/index.php?rest_route=\/wp\/v2\/pages"}],"about":[{"href":"https:\/\/www.croinfi.com\/index.php?rest_route=\/wp\/v2\/types\/page"}],"author":[{"embeddable":true,"href":"https:\/\/www.croinfi.com\/index.php?rest_route=\/wp\/v2\/users\/1"}],"replies":[{"embeddable":true,"href":"https:\/\/www.croinfi.com\/index.php?rest_route=%2Fwp%2Fv2%2Fcomments&post=98"}],"version-history":[{"count":6,"href":"https:\/\/www.croinfi.com\/index.php?rest_route=\/wp\/v2\/pages\/98\/revisions"}],"predecessor-version":[{"id":189,"href":"https:\/\/www.croinfi.com\/index.php?rest_route=\/wp\/v2\/pages\/98\/revisions\/189"}],"wp:featuredmedia":[{"embeddable":true,"href":"https:\/\/www.croinfi.com\/index.php?rest_route=\/wp\/v2\/media\/58"}],"wp:attachment":[{"href":"https:\/\/www.croinfi.com\/index.php?rest_route=%2Fwp%2Fv2%2Fmedia&parent=98"}],"curies":[{"name":"wp","href":"https:\/\/api.w.org\/{rel}","templated":true}]}}